{"id":9060,"date":"2025-02-18T19:33:27","date_gmt":"2025-02-18T18:33:27","guid":{"rendered":"https:\/\/www.srcf.de\/entw\/index.php\/home2\/wir\/typisch_friesen\/tag-der-jubilare-copy\/"},"modified":"2025-11-04T20:07:19","modified_gmt":"2025-11-04T19:07:19","slug":"klubraumapp","status":"publish","type":"page","link":"https:\/\/www.srcf.de\/entw\/index.php\/home2\/wir\/klubraumapp\/","title":{"rendered":"Klubraum App"},"content":{"rendered":"<\/p>\n<!--themify_builder_content-->\n<div id=\"themify_builder_content-9060\" data-postid=\"9060\" class=\"themify_builder_content themify_builder_content-9060 themify_builder tf_clear\">\n                    <div  data-lazy=\"1\" class=\"module_row themify_builder_row tb_pxsu790 tb_first tf_w\">\n                        <div class=\"row_inner col_align_top tb_col_count_1 tf_box tf_rel\">\n                        <div  data-lazy=\"1\" class=\"module_column tb-column col-full tb_hz17701 first\">\n                    <!-- module fancy heading -->\n<div  class=\"module module-fancy-heading tb_dsen801 \" data-lazy=\"1\">\n        <h1 class=\"fancy-heading tf_textc\">\n    <span class=\"main-head tf_block\">\n                    Klubraum App            <\/span>\n\n    \n    <span class=\"sub-head tf_block tf_rel\">\n                    Ein kurzer Einstieg            <\/span>\n    <\/h1>\n<\/div>\n<!-- \/module fancy heading -->\n<div  class=\"module themify_builder_slider_wrap tf_clearfix module-slider tb_7l8f667  slider-default  \" data-lazy=\"1\">\n        <div class=\"themify_builder_slider tf_carousel tf_swiper-container tf_rel tf_overflow\" data-lazy=\"1\"        data-visible=\"1\"\n        data-tab-visible=\"1\"\n        data-mob-visible=\"1\"\n        data-scroll=\"1\"\n                        data-speed=\"1\"\n        data-wrapvar=\"1\"\n        data-slider_nav=\"1\"\n        data-pager=\"1\"\n        data-effect=\"scroll\" \n        data-height=\"variable\"\n        data-css_url=\"https:\/\/www.srcf.de\/entw\/wp-content\/themes\/metro\/themify\/themify-builder\/css\/modules\/sliders\/carousel,https:\/\/www.srcf.de\/entw\/wp-content\/themes\/metro\/themify\/themify-builder\/css\/modules\/sliders\/slider\"\n                    >\n        <div class=\"tf_swiper-wrapper tf_lazy tf_rel tf_w tf_h tf_textc\">\n                         <div class=\"tf_swiper-slide\">            <div class=\"slide-inner-wrap\">\n                                    <div class=\"tf_rel tf_lazy slide-image\">\n                                                                            <img src=\"data:image\/svg+xml,%3Csvg%20xmlns=%27http:\/\/www.w3.org\/2000\/svg%27%20width='795'%20height='194'%20viewBox=%270%200%20795%20194%27%3E%3C\/svg%3E\" loading=\"lazy\" data-lazy=\"1\" data-tf-not-load=\"1\" style=\"background:linear-gradient(to right,#ffffff 25%,#ffffff 25% 50%,#ffffff 50% 75%,#ffffff 75%),linear-gradient(to right,#0670b4 25%,#ffffff 25% 50%,#335c7e 50% 75%,#004c8b 75%),linear-gradient(to right,#157ec5 25%,#ffffff 25% 50%,#ffffff 50% 75%,#ffffff 75%),linear-gradient(to right,#ffffff 25%,#ffffff 25% 50%,#ffffff 50% 75%,#ffffff 75%)\" decoding=\"async\" width=\"795\" height=\"194\" data-tf-src=\"https:\/\/www.srcf.de\/entw\/wp-content\/uploads\/2025\/02\/KlubraumApp.png\" class=\"tf_svg_lazy wp-post-image wp-image-9081\" title=\"KlubraumApp\" alt=\"KlubraumApp\" data-tf-srcset=\"https:\/\/www.srcf.de\/entw\/wp-content\/uploads\/2025\/02\/KlubraumApp.png 795w, https:\/\/www.srcf.de\/entw\/wp-content\/uploads\/2025\/02\/KlubraumApp-300x73.png 300w, https:\/\/www.srcf.de\/entw\/wp-content\/uploads\/2025\/02\/KlubraumApp-768x187.png 768w\" data-tf-sizes=\"(max-width: 795px) 100vw, 795px\" \/><noscript><img loading=\"lazy\" decoding=\"async\" width=\"795\" height=\"194\" data-tf-not-load data-no-script src=\"https:\/\/www.srcf.de\/entw\/wp-content\/uploads\/2025\/02\/KlubraumApp.png\" class=\"wp-post-image wp-image-9081\" title=\"KlubraumApp\" alt=\"KlubraumApp\" srcset=\"https:\/\/www.srcf.de\/entw\/wp-content\/uploads\/2025\/02\/KlubraumApp.png 795w, https:\/\/www.srcf.de\/entw\/wp-content\/uploads\/2025\/02\/KlubraumApp-300x73.png 300w, https:\/\/www.srcf.de\/entw\/wp-content\/uploads\/2025\/02\/KlubraumApp-768x187.png 768w\" sizes=\"auto, (max-width: 795px) 100vw, 795px\" \/><\/noscript>                                            <\/div>\n                \n                            <\/div>\n        <\/div>            <\/div>\n    <\/div>\n<\/div>\n<!-- module text -->\n<div  class=\"module module-text tb_aqy5070   \" data-lazy=\"1\">\n        <div  class=\"tb_text_wrap\">\n        <p>Mit der App ist es m\u00f6glich, Termine zu organisieren und in Kontakt zu bleiben.<\/p>\n<p>Die App ist in vier Bereiche unterteilt:<\/p>\n<ul>\n<li>Timeline<\/li>\n<li>Kalender<\/li>\n<li>Konversation<\/li>\n<li>Areas (Bereiche f\u00fcr verschiedene Interessengruppen)<\/li>\n<\/ul>\n<h2>Schritt 1: Klubraum-App herunterladen<\/h2>\n<p>Android: <a href=\"https:\/\/play.google.com\/store\/apps\/details?id=com.klubraum.androidApp&amp;hl=de\" target=\"_blank\" rel=\"noopener\">https:\/\/play.google.com\/store\/apps\/details?id=com.klubraum.androidApp&amp;hl=de<\/a><\/p>\n<p>Apple\u00a0IOS: <a href=\"https:\/\/apps.apple.com\/de\/app\/klubraum\/id1488766185\" target=\"_blank\" rel=\"noopener\">https:\/\/apps.apple.com\/de\/app\/klubraum\/id1488766185<\/a><\/p>\n<p>Die App stellt keine besonderen Anforderungen an das Smartphone. Eine Benutzung sollte auch mit \u00e4lteren Ger\u00e4ten m\u00f6glich sein.<\/p>\n<p>Alternativ ist die Anmeldung per Browser unter <a href=\"https:\/\/klubraum.com\/de\/home\" target=\"_blank\" rel=\"noopener\">https:\/\/klubraum.com\/de\/home<\/a><\/p>\n<h2>Schritt 2: Zutritt \u00fcber Beitrittslink<\/h2>\n<p>Beitrittslink beim Administrator erfragen: <a href=\"mailto:klubraum@srcf.de\">klubraum@srcf.de<\/a><\/p>\n<h2>Schritt 3: Registrieren<\/h2>\n<p>Vorname, Nachname und E-Mail-Adresse angeben. Bitte den vollst\u00e4ndige Namen verwenden.<\/p>\n<p>Das war schon alles und ihr seid im SRCF-Klubraum.<\/p>\n<h2>Schritt 4: Im Klubraum aktiv sein<\/h2>\n<p>Weiterf\u00fchrende Informationen gibt es unter <a href=\"https:\/\/support.klubraum.com\/\" target=\"_blank\" rel=\"noopener\">https:\/\/support.klubraum.com\/<\/a><\/p>\n<p>Wenn Du Unterst\u00fctzung ben\u00f6tigst, kann Du Dich auch an den Administrator werden.<\/p>\n<h3>Beispiel Ergo-Training<\/h3>\n<p>Jetzt k\u00f6nnt ihr euch als Mitglied im SRCF-Klubraum zum Beispiel beim Ergo-Training anmelden.<\/p>\n<p>Unter &#8222;Areas&#8220; in die &#8222;Areas&#8220; Ansicht wechseln und die Area-Gruppe &#8222;Training&#8220; ausw\u00e4hlen. Dann auf die Area &#8222;Ergometer&#8220; wechseln.<\/p>\n<p>Rechts oben im Fenster erscheinen 3 Punkte (unter IOS), nach dem Best\u00e4tigen erscheint ein Men\u00fc mit dem Men\u00fcpunkt &#8222;Area beitreten&#8220;.<\/p>\n<p>Nun der Area &#8222;Ergometer&#8220; beitreten. Wechselst du auf die &#8222;Kalender&#8220; Ansicht siehst du in der Area &#8222;Ergometer&#8220; alle anstehenden Termine.<\/p>\n<h3>Termin zu- oder absagen<\/h3>\n<p>Einen Termin im Kalender ausw\u00e4hlen und rechts unten &#8222;Zusagen&#8220; ausw\u00e4hlen (das war es).<\/p>\n<p>Hat man einem Termin zugesagt und m\u00f6chte\/muss absagen, den entsprechenden Termin ausw\u00e4hlen und rechts unten auf &#8222;absagen&#8220; dr\u00fccken.<\/p>\n<p>Nochmals auf den Termin im Kalender dr\u00fccken und pr\u00fcfen, ob man wie gew\u00fcnscht eingetragen bzw. ausgetragen ist.<\/p>\n<p>Hinweis:<\/p>\n<p>Ein Termin\/Event enth\u00e4lt Informationen \u00fcber Zu- und Absage, Zeit und Ort und Ansprechpartner.<\/p>\n<p>Man kann auch Kommentare zu diesem Termin z.B. R\u00fcckfragen abgeben. Bitte sagt rechtzeitig ab, dass ggfls. Mitglieder von der Warteliste nachr\u00fccken k\u00f6nnen.<\/p>\n<p>\u00a0<\/p>    <\/div>\n<\/div>\n<!-- \/module text -->        <\/div>\n                        <\/div>\n        <\/div>\n        <\/div>\n<!--\/themify_builder_content-->\n\n\n<p><\/p>","protected":false},"excerpt":{"rendered":"","protected":false},"author":12,"featured_media":0,"parent":104,"menu_order":2,"comment_status":"closed","ping_status":"closed","template":"","meta":{"footnotes":""},"class_list":["post-9060","page","type-page","status-publish","hentry","has-post-title","has-post-date","has-post-category","has-post-tag","has-post-comment","has-post-author",""],"builder_content":"<h1>Klubraum App<br\/>Ein kurzer Einstieg<\/h1>\n<img src=\"data:image\/svg+xml,%3Csvg%20xmlns=%27http:\/\/www.w3.org\/2000\/svg%27%20width='795'%20height='194'%20viewBox=%270%200%20795%20194%27%3E%3C\/svg%3E\" loading=\"lazy\" data-lazy=\"1\" data-tf-not-load=\"1\" style=\"background:linear-gradient(to right,#ffffff 25%,#ffffff 25% 50%,#ffffff 50% 75%,#ffffff 75%),linear-gradient(to right,#0670b4 25%,#ffffff 25% 50%,#335c7e 50% 75%,#004c8b 75%),linear-gradient(to right,#157ec5 25%,#ffffff 25% 50%,#ffffff 50% 75%,#ffffff 75%),linear-gradient(to right,#ffffff 25%,#ffffff 25% 50%,#ffffff 50% 75%,#ffffff 75%)\" decoding=\"async\" width=\"795\" height=\"194\" data-tf-src=\"https:\/\/www.srcf.de\/entw\/wp-content\/uploads\/2025\/02\/KlubraumApp.png\" title=\"KlubraumApp\" alt=\"KlubraumApp\" data-tf-srcset=\"https:\/\/www.srcf.de\/entw\/wp-content\/uploads\/2025\/02\/KlubraumApp.png 795w, https:\/\/www.srcf.de\/entw\/wp-content\/uploads\/2025\/02\/KlubraumApp-300x73.png 300w, https:\/\/www.srcf.de\/entw\/wp-content\/uploads\/2025\/02\/KlubraumApp-768x187.png 768w\" data-tf-sizes=\"(max-width: 795px) 100vw, 795px\" \/><noscript><img data-tf-not-load data-no-script src=\"https:\/\/www.srcf.de\/entw\/wp-content\/uploads\/2025\/02\/KlubraumApp.png\" title=\"KlubraumApp\" alt=\"KlubraumApp\" srcset=\"https:\/\/www.srcf.de\/entw\/wp-content\/uploads\/2025\/02\/KlubraumApp.png 795w, https:\/\/www.srcf.de\/entw\/wp-content\/uploads\/2025\/02\/KlubraumApp-300x73.png 300w, https:\/\/www.srcf.de\/entw\/wp-content\/uploads\/2025\/02\/KlubraumApp-768x187.png 768w\" sizes=\"(max-width: 795px) 100vw, 795px\" \/><\/noscript>\n<p>Mit der App ist es m\u00f6glich, Termine zu organisieren und in Kontakt zu bleiben.<\/p> <p>Die App ist in vier Bereiche unterteilt:<\/p> <ul> <li>Timeline<\/li> <li>Kalender<\/li> <li>Konversation<\/li> <li>Areas (Bereiche f\u00fcr verschiedene Interessengruppen)<\/li> <\/ul> <h2>Schritt 1: Klubraum-App herunterladen<\/h2> <p>Android: <a href=\"https:\/\/play.google.com\/store\/apps\/details?id=com.klubraum.androidApp&amp;hl=de\" target=\"_blank\" rel=\"noopener\">https:\/\/play.google.com\/store\/apps\/details?id=com.klubraum.androidApp&amp;hl=de<\/a><\/p> <p>Apple\u00a0IOS: <a href=\"https:\/\/apps.apple.com\/de\/app\/klubraum\/id1488766185\" target=\"_blank\" rel=\"noopener\">https:\/\/apps.apple.com\/de\/app\/klubraum\/id1488766185<\/a><\/p> <p>Die App stellt keine besonderen Anforderungen an das Smartphone. Eine Benutzung sollte auch mit \u00e4lteren Ger\u00e4ten m\u00f6glich sein.<\/p> <p>Alternativ ist die Anmeldung per Browser unter <a href=\"https:\/\/klubraum.com\/de\/home\" target=\"_blank\" rel=\"noopener\">https:\/\/klubraum.com\/de\/home<\/a><\/p> <h2>Schritt 2: Zutritt \u00fcber Beitrittslink<\/h2> <p>Beitrittslink beim Administrator erfragen: <a href=\"mailto:klubraum@srcf.de\">klubraum@srcf.de<\/a><\/p> <h2>Schritt 3: Registrieren<\/h2> <p>Vorname, Nachname und E-Mail-Adresse angeben. Bitte den vollst\u00e4ndige Namen verwenden.<\/p> <p>Das war schon alles und ihr seid im SRCF-Klubraum.<\/p> <h2>Schritt 4: Im Klubraum aktiv sein<\/h2> <p>Weiterf\u00fchrende Informationen gibt es unter <a href=\"https:\/\/support.klubraum.com\/\" target=\"_blank\" rel=\"noopener\">https:\/\/support.klubraum.com\/<\/a><\/p> <p>Wenn Du Unterst\u00fctzung ben\u00f6tigst, kann Du Dich auch an den Administrator werden.<\/p> <h3>Beispiel Ergo-Training<\/h3> <p>Jetzt k\u00f6nnt ihr euch als Mitglied im SRCF-Klubraum zum Beispiel beim Ergo-Training anmelden.<\/p> <p>Unter \"Areas\" in die \"Areas\" Ansicht wechseln und die Area-Gruppe \"Training\" ausw\u00e4hlen. Dann auf die Area \"Ergometer\" wechseln.<\/p> <p>Rechts oben im Fenster erscheinen 3 Punkte (unter IOS), nach dem Best\u00e4tigen erscheint ein Men\u00fc mit dem Men\u00fcpunkt \"Area beitreten\".<\/p> <p>Nun der Area \"Ergometer\" beitreten. Wechselst du auf die \"Kalender\" Ansicht siehst du in der Area \"Ergometer\" alle anstehenden Termine.<\/p> <h3>Termin zu- oder absagen<\/h3> <p>Einen Termin im Kalender ausw\u00e4hlen und rechts unten \"Zusagen\" ausw\u00e4hlen (das war es).<\/p> <p>Hat man einem Termin zugesagt und m\u00f6chte\/muss absagen, den entsprechenden Termin ausw\u00e4hlen und rechts unten auf \"absagen\" dr\u00fccken.<\/p> <p>Nochmals auf den Termin im Kalender dr\u00fccken und pr\u00fcfen, ob man wie gew\u00fcnscht eingetragen bzw. ausgetragen ist.<\/p> <p>Hinweis:<\/p> <p>Ein Termin\/Event enth\u00e4lt Informationen \u00fcber Zu- und Absage, Zeit und Ort und Ansprechpartner.<\/p> <p>Man kann auch Kommentare zu diesem Termin z.B. R\u00fcckfragen abgeben. Bitte sagt rechtzeitig ab, dass ggfls. Mitglieder von der Warteliste nachr\u00fccken k\u00f6nnen.<\/p> <p>\u00a0<\/p>","_links":{"self":[{"href":"https:\/\/www.srcf.de\/entw\/index.php\/wp-json\/wp\/v2\/pages\/9060","targetHints":{"allow":["GET"]}}],"collection":[{"href":"https:\/\/www.srcf.de\/entw\/index.php\/wp-json\/wp\/v2\/pages"}],"about":[{"href":"https:\/\/www.srcf.de\/entw\/index.php\/wp-json\/wp\/v2\/types\/page"}],"author":[{"embeddable":true,"href":"https:\/\/www.srcf.de\/entw\/index.php\/wp-json\/wp\/v2\/users\/12"}],"replies":[{"embeddable":true,"href":"https:\/\/www.srcf.de\/entw\/index.php\/wp-json\/wp\/v2\/comments?post=9060"}],"version-history":[{"count":39,"href":"https:\/\/www.srcf.de\/entw\/index.php\/wp-json\/wp\/v2\/pages\/9060\/revisions"}],"predecessor-version":[{"id":10035,"href":"https:\/\/www.srcf.de\/entw\/index.php\/wp-json\/wp\/v2\/pages\/9060\/revisions\/10035"}],"up":[{"embeddable":true,"href":"https:\/\/www.srcf.de\/entw\/index.php\/wp-json\/wp\/v2\/pages\/104"}],"wp:attachment":[{"href":"https:\/\/www.srcf.de\/entw\/index.php\/wp-json\/wp\/v2\/media?parent=9060"}],"curies":[{"name":"wp","href":"https:\/\/api.w.org\/{rel}","templated":true}]}}